{"id":3456,"date":"2022-01-25T15:31:00","date_gmt":"2022-01-25T15:31:00","guid":{"rendered":"https:\/\/bbr.ch\/?page_id=3456"},"modified":"2022-02-02T07:24:58","modified_gmt":"2022-02-02T07:24:58","slug":"impressum","status":"publish","type":"page","link":"https:\/\/bbr.ch\/fr\/impressum\/","title":{"rendered":"Impressum"},"content":{"rendered":"\t\t<div data-elementor-type=\"wp-page\" data-elementor-id=\"3456\" class=\"elementor elementor-3456\" data-elementor-post-type=\"page\">\n\t\t\t\t\t\t<section class=\"elementor-section elementor-top-section elementor-element elementor-element-60f5481a elementor-section-boxed elementor-section-height-default elementor-section-height-default\" data-id=\"60f5481a\" data-element_type=\"section\" data-e-type=\"section\" data-settings=\"{&quot;jet_parallax_layout_list&quot;:[{&quot;jet_parallax_layout_image&quot;:{&quot;url&quot;:&quot;&quot;,&quot;id&quot;:&quot;&quot;,&quot;size&quot;:&quot;&quot;},&quot;_id&quot;:&quot;c7f71fd&quot;,&quot;jet_parallax_layout_image_tablet&quot;:{&quot;url&quot;:&quot;&quot;,&quot;id&quot;:&quot;&quot;,&quot;size&quot;:&quot;&quot;},&quot;jet_parallax_layout_image_mobile&quot;:{&quot;url&quot;:&quot;&quot;,&quot;id&quot;:&quot;&quot;,&quot;size&quot;:&quot;&quot;},&quot;jet_parallax_layout_speed&quot;:{&quot;unit&quot;:&quot;%&quot;,&quot;size&quot;:50,&quot;sizes&quot;:[]},&quot;jet_parallax_layout_type&quot;:&quot;scroll&quot;,&quot;jet_parallax_layout_direction&quot;:&quot;1&quot;,&quot;jet_parallax_layout_fx_direction&quot;:null,&quot;jet_parallax_layout_z_index&quot;:&quot;&quot;,&quot;jet_parallax_layout_bg_x&quot;:50,&quot;jet_parallax_layout_bg_x_tablet&quot;:&quot;&quot;,&quot;jet_parallax_layout_bg_x_mobile&quot;:&quot;&quot;,&quot;jet_parallax_layout_bg_y&quot;:50,&quot;jet_parallax_layout_bg_y_tablet&quot;:&quot;&quot;,&quot;jet_parallax_layout_bg_y_mobile&quot;:&quot;&quot;,&quot;jet_parallax_layout_bg_size&quot;:&quot;auto&quot;,&quot;jet_parallax_layout_bg_size_tablet&quot;:&quot;&quot;,&quot;jet_parallax_layout_bg_size_mobile&quot;:&quot;&quot;,&quot;jet_parallax_layout_animation_prop&quot;:&quot;transform&quot;,&quot;jet_parallax_layout_on&quot;:[&quot;desktop&quot;,&quot;tablet&quot;]}]}\">\n\t\t\t\t\t\t<div class=\"elementor-container elementor-column-gap-default\">\n\t\t\t\t\t<div class=\"elementor-column elementor-col-100 elementor-top-column elementor-element elementor-element-65d79b28\" data-id=\"65d79b28\" data-element_type=\"column\" data-e-type=\"column\">\n\t\t\t<div class=\"elementor-widget-wrap elementor-element-populated\">\n\t\t\t\t\t\t<div class=\"elementor-element elementor-element-a2e7d76 elementor-widget elementor-widget-text-editor\" data-id=\"a2e7d76\" data-element_type=\"widget\" data-e-type=\"widget\" data-widget_type=\"text-editor.default\">\n\t\t\t\t<div class=\"elementor-widget-container\">\n\t\t\t\t\t\t\t\t\t<p><\/p>\n<h3 class=\"wp-block-heading\" id=\"block-cf96846c-3ef2-4ff7-9696-1340eb38c2d4\">Kontakt<\/h3>\n<p><\/p>\n<p><\/p>\n<p><strong>B\u00fchlmann Recycling AG<br \/>Standort M\u00fcnchenwiler<\/strong><\/p>\n<p><\/p>\n<p><\/p>\n<p>Crauxstrasse 4<br \/>1797 M\u00fcnchenwiler<\/p>\n<p><\/p>\n<p><\/p>\n<p>026 672 33 00<br \/>info@bbr.ch<\/p>\n<p>\u00a0<\/p>\n<p><\/p>\n<p><\/p>\n<h3 class=\"wp-block-heading\" id=\"block-bcef8e06-ee34-436d-92d6-82a5f1c8ae20\">Webdesign<\/h3>\n<p><\/p>\n<p><\/p>\n<p id=\"block-c303b07e-2605-4492-9038-1fe4702ed757\">M<strong>illefeuilles AG<\/strong><\/p>\n<p><\/p>\n<p><\/p>\n<p id=\"block-5c81da38-9833-457d-a475-28b8f1a5c398\">Bonnstrasse 18<br \/>3186 D\u00fcdingen<\/p>\n<p><\/p>\n<p><\/p>\n<p id=\"block-8e91da36-1821-4657-a892-3915fb3fe601\">Tel. 026 492 53 24<\/p>\n<p><\/p>\n<p><\/p>\n<p id=\"block-5c80c91f-5095-4256-a660-5530e853a624\">info@millefeuilles.ch<\/p>\n<p><\/p>\t\t\t\t\t\t\t\t<\/div>\n\t\t\t\t<\/div>\n\t\t\t\t\t<\/div>\n\t\t<\/div>\n\t\t\t\t\t<\/div>\n\t\t<\/section>\n\t\t\t\t<\/div>\n\t\t","protected":false},"excerpt":{"rendered":"<p>Kontakt B\u00fchlmann Recycling AGStandort M\u00fcnchenwiler Crauxstrasse 41797 M\u00fcnchenwiler 026 672 33 00info@bbr.ch \u00a0 Webdesign Millefeuilles AG Bonnstrasse 183186 D\u00fcdingen Tel. 026 492 53 24 info@millefeuilles.ch<\/p>","protected":false},"author":1,"featured_media":0,"parent":0,"menu_order":0,"comment_status":"closed","ping_status":"closed","template":"","meta":{"_acf_changed":false,"footnotes":""},"class_list":["post-3456","page","type-page","status-publish","hentry"],"acf":[],"_links":{"self":[{"href":"https:\/\/bbr.ch\/fr\/wp-json\/wp\/v2\/pages\/3456","targetHints":{"allow":["GET"]}}],"collection":[{"href":"https:\/\/bbr.ch\/fr\/wp-json\/wp\/v2\/pages"}],"about":[{"href":"https:\/\/bbr.ch\/fr\/wp-json\/wp\/v2\/types\/page"}],"author":[{"embeddable":true,"href":"https:\/\/bbr.ch\/fr\/wp-json\/wp\/v2\/users\/1"}],"replies":[{"embeddable":true,"href":"https:\/\/bbr.ch\/fr\/wp-json\/wp\/v2\/comments?post=3456"}],"version-history":[{"count":13,"href":"https:\/\/bbr.ch\/fr\/wp-json\/wp\/v2\/pages\/3456\/revisions"}],"predecessor-version":[{"id":3560,"href":"https:\/\/bbr.ch\/fr\/wp-json\/wp\/v2\/pages\/3456\/revisions\/3560"}],"wp:attachment":[{"href":"https:\/\/bbr.ch\/fr\/wp-json\/wp\/v2\/media?parent=3456"}],"curies":[{"name":"wp","href":"https:\/\/api.w.org\/{rel}","templated":true}]}}